{"id":2902,"date":"2025-09-17T10:49:08","date_gmt":"2025-09-17T10:49:08","guid":{"rendered":"https:\/\/ortsnamen.at\/?page_id=2902"},"modified":"2025-09-22T11:53:09","modified_gmt":"2025-09-22T11:53:09","slug":"links","status":"publish","type":"page","link":"https:\/\/ortsnamen.at\/en\/links\/","title":{"rendered":"Links"},"content":{"rendered":"\n<p style=\"font-size:22px\">Diese Seite ist momentan im Aufbau. Hier finden Sie k\u00fcnftig Verkn\u00fcpfungen zu toponymisch weiterf\u00fchrenden Seiten im Internet<\/p>\n\n\n\n<p>Fachpublikationen <\/p>\n\n\n\n<p>Datenbanken, Verzeichnisse<\/p>\n\n\n\n<p>Kartografische Quellen, Kartenwerke<\/p>\n\n\n\n<p><\/p>\n","protected":false},"excerpt":{"rendered":"<p>Diese Seite ist momentan im Aufbau. Hier finden Sie k\u00fcnftig Verkn\u00fcpfungen zu toponymisch weiterf\u00fchrenden Seiten im Internet Fachpublikationen Datenbanken, Verzeichnisse Kartografische Quellen, Kartenwerke<\/p>\n","protected":false},"author":6,"featured_media":0,"parent":0,"menu_order":0,"comment_status":"closed","ping_status":"closed","template":"","meta":{"footnotes":""},"class_list":["post-2902","page","type-page","status-publish","hentry"],"translation":{"provider":"WPGlobus","version":"3.0.2","language":"en","enabled_languages":["de","en"],"languages":{"de":{"title":true,"content":true,"excerpt":false},"en":{"title":false,"content":false,"excerpt":false}}},"_links":{"self":[{"href":"https:\/\/ortsnamen.at\/en\/wp-json\/wp\/v2\/pages\/2902","targetHints":{"allow":["GET"]}}],"collection":[{"href":"https:\/\/ortsnamen.at\/en\/wp-json\/wp\/v2\/pages"}],"about":[{"href":"https:\/\/ortsnamen.at\/en\/wp-json\/wp\/v2\/types\/page"}],"author":[{"embeddable":true,"href":"https:\/\/ortsnamen.at\/en\/wp-json\/wp\/v2\/users\/6"}],"replies":[{"embeddable":true,"href":"https:\/\/ortsnamen.at\/en\/wp-json\/wp\/v2\/comments?post=2902"}],"version-history":[{"count":3,"href":"https:\/\/ortsnamen.at\/en\/wp-json\/wp\/v2\/pages\/2902\/revisions"}],"predecessor-version":[{"id":2907,"href":"https:\/\/ortsnamen.at\/en\/wp-json\/wp\/v2\/pages\/2902\/revisions\/2907"}],"wp:attachment":[{"href":"https:\/\/ortsnamen.at\/en\/wp-json\/wp\/v2\/media?parent=2902"}],"curies":[{"name":"wp","href":"https:\/\/api.w.org\/{rel}","templated":true}]}}