{"id":2690,"date":"2024-09-26T18:06:56","date_gmt":"2024-09-26T18:06:56","guid":{"rendered":"https:\/\/ortsnamen.at\/?page_id=2690"},"modified":"2025-04-09T05:31:38","modified_gmt":"2025-04-09T05:31:38","slug":"schreibung-ukrainischer-geografische-namen","status":"publish","type":"page","link":"https:\/\/ortsnamen.at\/en\/empfehlungen-zum-namengebrauch\/schreibung-ukrainischer-geografische-namen\/","title":{"rendered":"Schreibung ukrainischer geografische Namen"},"content":{"rendered":"\n<p class=\"has-normal-font-size\"><strong>Auswahl geografischer Namen der Ukraine in verschiedenen Umschriftsystemen<\/strong><br><\/p>\n\n\n\n<p class=\"has-normal-font-size\">Die Schreibung ukrainischer geografischer Namen ist in den letzten Monaten heftig diskutiert worden. Die Vielzahl der Schreibformen ukrainischer Ortsnamen hat f\u00fcr einige Verwirrung gesorgt.<br>Mit dieser Aufstellung bietet der StAGN die M\u00f6glichkeit, die Schreibformen der wichtigsten ukrainischen Ortsnamen einem Umschriftsystem zuzuordnen und die f\u00fcr eine Publikation passende Form zu w\u00e4hlen. Die Liste weist insbesondere die im Deutschen gebr\u00e4uchlichen Formen auf, um eine unmissverst\u00e4ndliche Kommunikation innerhalb des deutschen Sprachraums zu erm\u00f6glichen.<br><\/p>\n\n\n\n<p class=\"has-normal-font-size\"><strong>Erl\u00e4uterungen zur Tabelle<\/strong><\/p>\n\n\n\n<p><strong><em>Ukrainische Namenform (Endonym) (Spalte 1)<\/em><\/strong><br>Amtliche ukrainische Namenform in ukrainisch-kyrillischem Originalalphabet.<\/p>\n\n\n\n<p><br><strong><em>Transkription nach Duden (Spalte 2)<\/em><\/strong><br>Diese Umschriftung folgt der Konvention des Dudens und gibt eine m\u00f6glichst getreue Aussprache der ukrainischen Namen mit Hilfe des deutschen Alphabets wieder.<br><strong>Anwendung<\/strong>: in deutschsprachigen Publikationen und Schriften wie Bildungsmedien, Presse, Fernsehen, popul\u00e4rwissenschaftliche Literatur, sofern nicht eine Transliteration erforderlich ist (s. wissenschaftliche Transliteration) oder eine gebr\u00e4uchliche deutsche Namenform verwendet wird (s. deutsche Namenform)<\/p>\n\n\n\n<p><br><strong><em>Wissenschaftliche Transliteration (Spalte 3)<\/em><\/strong><br>Diese Formen werden f\u00fcr wissenschaftliche Arbeiten und im Bibliothekswesen verwendet. Sie verwendet lateinische Buchstaben und diakritische Zeichen und erlaubt eine eindeutige buchstabenweise R\u00fcckf\u00fchrung in die ukrainische kyrillische Schreibung.<br><strong>Anwendung:<\/strong> in Publikationen, die eine eindeutige R\u00fcckf\u00fchrung zur Originalschreibung des Namens erfordern.<\/p>\n\n\n\n<p><br><strong><em>Offizielle ukrainische Umschriftung (Spalte 4)<\/em><\/strong><br>Es ist dies die offizielle nationale Umschriftung des ukrainisch-kyrillischen Alphabets in die Lateinschrift, wie sie von amtlichen ukrainischen Stellen und in internationalen Schriften und Publikationen angewendet wird. Sie basiert auf der englischen Transkription.<br><strong>Anwendung:<\/strong> Im Schriftverkehr und in Publikationen f\u00fcr ein internationales Publikum und in amtlichen Dokumenten der Ukraine.<\/p>\n\n\n\n<p><br><strong><em>Deutsche Namenform (Spalte 5)<\/em><\/strong><br>Es sind dies vom Ukrainischen abweichende, im Deutschen gebr\u00e4uchliche Namenformen. Der Umfang ihrer Nutzung ist innerhalb des deutschen Sprachraums regional unterschiedlich.<br><strong>Anwendung: <\/strong>Diese Namen sind alternativ, statt der transkribierten Formen nach Duden zu verwenden, wenn es die Verst\u00e4ndlichkeit der Publikation und Kommunikation erfordert.<\/p>\n\n\n\n<p class=\"has-normal-font-size\"><strong>Allgemeine Hinweise<\/strong><\/p>\n\n\n\n<p>Die Namen der nachfolgenden \u00dcbersicht sind nach der Transkription nach Duden alphabetisiert.<br>Neben den genannten gibt es zahlreiche weitere Transkriptions- und Transliterationssysteme f\u00fcr das Ukrainische, sodass geografische Namen in vielen Schreibvarianten in Lateinschrift auftreten k\u00f6nnen.<br>Zahlreiche Orte wurden seit der Unabh\u00e4ngigkeit der Ukraine umbenannt und haben jetzt einen neuen amtlichen Namen (z.B.Dnipropetrowsk [ukr] \/ Dnjepropetrowsk [russ] hei\u00dft jetzt Dnipro, \u041airowohrad [ukr] hei\u00dft jetzt Kropywnyzkyj).<\/p>\n\n\n\n<p>Tabelle zum Herunterladen: <a href=\"https:\/\/ortsnamen.at\/wp-content\/uploads\/2024\/09\/k3_ukrainisch_liste_final_korr-1.pdf\" data-type=\"link\" data-id=\"https:\/\/ortsnamen.at\/k3_ukrainisch_liste_final_korr-2\/\" target=\"_blank\" rel=\"noreferrer noopener\">Schreibung ukrainischer geografischer Namen<\/a><\/p>\n\n\n\n<figure class=\"wp-block-table alignwide has-normal-font-size\"><table><tbody><tr><td><strong>Spalte 1<\/strong><\/td><td><strong>Spalte 2<\/strong><\/td><td><strong>Spalte 3<\/strong><\/td><td><strong>Spalte 4<\/strong><\/td><td><strong>Spalte 5<\/strong><\/td><\/tr><tr><td><strong>&nbsp;<\/strong><\/td><td><strong>&nbsp;<\/strong><\/td><td><strong>&nbsp;<\/strong><\/td><td><strong>&nbsp;<\/strong><\/td><td><strong>&nbsp;<\/strong><\/td><\/tr><tr><td><strong><em>Ukrainischer Name (Endonym)<\/em><\/strong><strong><em><\/em><\/strong><\/td><td><strong><em>Transkription<\/em><\/strong><strong><em> nach Duden<\/em><\/strong><strong><em><\/em><\/strong><\/td><td><strong><em>Wissenschaftliche Transliteration<\/em><\/strong><strong><em><\/em><\/strong><\/td><td><strong><em>Offizielle ukrainische Umschriftung<\/em><\/strong><strong><em><\/em><\/strong><\/td><td><strong><em>Deutsche Namenform<\/em><\/strong><\/td><\/tr><tr><td><strong>&nbsp;<\/strong><\/td><td><strong>&nbsp;<\/strong><\/td><td><strong>&nbsp;<\/strong><\/td><td><strong>&nbsp;<\/strong><\/td><td><strong>&nbsp;<\/strong><\/td><\/tr><tr><td>\u0411\u0430\u0445\u043c\u0443\u0442<\/td><td>Bachmut<\/td><td>Bachmut<\/td><td>Bakhmut<\/td><td>&nbsp;<\/td><\/tr><tr><td>\u0411\u0435\u0440\u0434\u044f\u043d\u0441\u044c\u043a<\/td><td>Berdjansk<\/td><td>Berdjans\u02b9k<\/td><td>Berdiansk<\/td><td>&nbsp;<\/td><\/tr><tr><td>\u0411\u0435\u0441\u0441\u0430\u0440\u0430\u0431\u0456\u044f<\/td><td>Bessarabija<\/td><td>Bessarabija<\/td><td>Bessarabiia<\/td><td>Bessarabien<\/td><\/tr><tr><td>\u0411\u0456\u043b\u0430 \u0426\u0435\u0440\u043a\u0432\u0430<\/td><td>Bila Zerkwa<\/td><td>Bila Cerkva<\/td><td>Bila Tserkva<\/td><td>&nbsp;<\/td><\/tr><tr><td>\u0411\u0443\u043a\u043e\u0432\u0438\u043d\u0430<\/td><td>Bukowyna<\/td><td>Bukovyna<\/td><td>Bukovyna<\/td><td>Bukowina<\/td><\/tr><tr><td>\u0411\u0443\u0447\u0430<\/td><td>Butscha<\/td><td>Bu\u010da<\/td><td>Bucha<\/td><td>&nbsp;<\/td><\/tr><tr><td>\u0425\u0430\u0440\u043a\u0456\u0432<\/td><td>Charkiw<\/td><td>Charkiv<\/td><td>Kharkiv<\/td><td>&nbsp;<\/td><\/tr><tr><td>\u0425\u0435\u0440\u0441\u043e\u043d<\/td><td>Cherson<\/td><td>Cherson<\/td><td>Kherson<\/td><td>&nbsp;<\/td><\/tr><tr><td>\u0425\u043c\u0435\u043b\u044c\u043d\u0438\u0446\u044c\u043a\u0438\u0439<\/td><td>Chmelnyzkyj<\/td><td>Chmel\u02b9nyc\u02b9kyj<\/td><td>Khmelnytskyi<\/td><td>&nbsp;<\/td><\/tr><tr><td>\u0414\u043d\u0456\u043f\u0440\u043e (<em>Fluss<\/em>)<\/td><td>Dnipro<\/td><td>Dnipro<\/td><td>Dnipro<\/td><td>Dnjepr<\/td><\/tr><tr><td>\u0414\u043d\u0456n\u0440\u043e (<em>Stadt<\/em>)<\/td><td>Dnipro<\/td><td>Dnipro<\/td><td>Dnipro<\/td><td>&nbsp;<\/td><\/tr><tr><td>\u0414\u043d\u0456\u0441\u0442\u0435\u0440<\/td><td>Dnister<\/td><td>Dnister<\/td><td>Dnister<\/td><td>Dnjestr<\/td><\/tr><tr><td>\u0414\u043e\u043d\u0431\u0430\u0441<\/td><td>Donbas<\/td><td>Donbas<\/td><td>Donbas<\/td><td>Donbass<\/td><\/tr><tr><td>\u0414\u043e\u043d\u0435\u0446\u044c<\/td><td>Donez<\/td><td>Donec\u02b9<\/td><td>Donets<\/td><td>&nbsp;<\/td><\/tr><tr><td>\u0414\u043e\u043d\u0435\u0446\u044c\u043a<\/td><td>Donezk<\/td><td>Donec\u02b9k<\/td><td>Donetsk<\/td><td>&nbsp;<\/td><\/tr><tr><td>\u0414\u0443\u043d\u0430\u0439<\/td><td>Dunaj<\/td><td>Dunaj<\/td><td>Dunai<\/td><td>Donau<\/td><\/tr><tr><td>\u0413\u0430\u043b\u0438\u0447\u0438\u043d\u0430<\/td><td>Halytschyna<\/td><td>Haly\u010dyna<\/td><td>Halychyna<\/td><td>Galizien<\/td><\/tr><tr><td>\u0413\u043e\u0440\u043b\u0456\u0432\u043a\u0430<\/td><td>Horliwka<\/td><td>Horlivka<\/td><td>Horlivka<\/td><td>&nbsp;<\/td><\/tr><tr><td>\u0406\u0432\u0430\u043d\u043e-\u0424\u0440\u0430\u043d\u043a\u0456\u0432\u0441\u044c\u043a<\/td><td>Iwano-Frankiwsk<\/td><td>Ivano-Frankivs\u02b9k<\/td><td>Ivano-Frankivsk<\/td><td>&nbsp;<\/td><\/tr><tr><td>\u042f\u0431\u043b\u0443\u043d\u0438\u0446\u044c\u043a\u0438\u0439 \u043f\u0435\u0440\u0435\u0432\u0430\u043b<\/td><td>Jablunyzkyj perewal<\/td><td>Jablunyc\u02b9kyj pereval<\/td><td>Yablunytskyi pereval<\/td><td>Jablonizapass<\/td><\/tr><tr><td>\u042f\u043b\u0442\u0430<\/td><td>Jalta<\/td><td>Jalta<\/td><td>Yalta<\/td><td>&nbsp;<\/td><\/tr><tr><td>\u041a\u0430\u0445\u043e\u0432\u0441\u044c\u043a\u0435 \u0432\u043e\u0434\u043e\u0441\u0445\u043e\u0432\u0438\u0449\u0435<\/td><td>Kachowske wodoschowyschtsche<\/td><td>Kachovs\u02b9ke vodoschovy\u0161\u010de<\/td><td>Kakhovske vodoskhovyshche<\/td><td>Kachowkaer Stausee<\/td><\/tr><tr><td>\u041a\u0430\u043c&#8217;\u044f\u043d\u0435\u0446\u044c \u041f\u043e\u0434\u0456\u043b\u044c\u0441\u044c\u043a\u0438\u0439<\/td><td>Kamjanez-Podilskyj<\/td><td>Kam<a>\u02bc<\/a>janec<a>\u02b9<\/a>-Podil\u02b9s<a>\u02b9<\/a>kyj<\/td><td>Kamianets-Podilskyi<\/td><td>&nbsp;<\/td><\/tr><tr><td>\u041a\u0435\u0440\u0447<\/td><td>Kertsch<\/td><td>Ker\u010d<\/td><td>Kerch<\/td><td>&nbsp;<\/td><\/tr><tr><td>\u041a\u0456\u043b\u0456\u0439\u0441\u044c\u043a\u0435 \u0433\u0438\u0440\u043b\u043e<\/td><td>Kilijske hyrlo<\/td><td>Kilijs\u02b9ke hyrlo<\/td><td>Kiliiske hyrlo<\/td><td>Kilija-Arm<\/td><\/tr><tr><td>\u041a\u0440\u0435\u043c\u0435\u043d\u0447\u0443\u043a<\/td><td>Krementschuk<\/td><td>Kremen\u010duk<\/td><td>Kremenchuk<\/td><td>&nbsp;<\/td><\/tr><tr><td>\u041a\u0440\u0435\u043c\u0435\u043d\u0447\u0443\u0446\u044c\u043a\u0435 \u0432\u043e\u0434\u043e\u0441\u0445\u043e\u0432\u0438\u0449\u0435<\/td><td>Krementschuzke wodoschowyschtsche<\/td><td>Kremen\u010duc\u02b9ke vodoschovy\u0161\u010de<\/td><td>Kremenchutske vodoskhovyshche<\/td><td>Krementschuker Stausee<\/td><\/tr><tr><td>\u041a\u0440\u043e\u043f\u0438\u0432\u043d\u0438\u0446\u044c\u043a\u0438\u0439<\/td><td>Kropywnyzkyj<\/td><td>&nbsp;Kropyvnyc\u02b9kyj<\/td><td>Kropyvnytskyi<\/td><td>&nbsp;<\/td><\/tr><tr><td>\u041a\u0440\u0438\u043c<\/td><td>Krym<\/td><td>Krym<\/td><td>Krym<\/td><td>Krim<\/td><\/tr><tr><td>\u041a\u0440\u0438\u0432\u0438\u0439 \u0420\u0456\u0433<\/td><td>Krywyj Rih<\/td><td>Kryvyj Rih<\/td><td>Kryvyi Rih<\/td><td>&nbsp;<\/td><\/tr><tr><td>\u041a\u0438\u0457\u0432<\/td><td>Kyjiw<\/td><td>Ky\u00efv<\/td><td>Kyiv<\/td><td>Kiew<\/td><\/tr><tr><td>\u041a\u0438\u0457\u0432\u0441\u044c\u043a\u0435 \u0432\u043e\u0434\u043e\u0441\u0445\u043e\u0432\u0438\u0449\u0435<\/td><td>Kyjiwske wodoschowyschtsche<\/td><td>Ky\u00efvs\u02b9ke vodoschovy\u0161\u010de<\/td><td>Kyivske vodoskhovyshche<\/td><td>Kiewer Stausee<\/td><\/tr><tr><td>\u041b\u0443\u0433\u0430\u043d\u0441\u044c\u043a<\/td><td>Luhansk<\/td><td>Luhans<a>\u02b9<\/a>k<\/td><td>Luhansk<\/td><td>&nbsp;<\/td><\/tr><tr><td>\u041b\u0443\u0446\u044c\u043a<\/td><td>Luzk<\/td><td>Luc\u02b9k<\/td><td>Lutsk<\/td><td>&nbsp;<\/td><\/tr><tr><td>\u041b\u044c\u0432\u0456\u0432<\/td><td>Lwiw<\/td><td>L\u02b9viv<\/td><td>Lviv<\/td><td>Lemberg<\/td><\/tr><tr><td>\u041c\u0430\u043a\u0456\u0457\u0432\u043a\u0430<\/td><td>Makijiwka<\/td><td>Maki\u00efvka<\/td><td>Makiivka<\/td><td>&nbsp;<\/td><\/tr><tr><td>\u041c\u0430\u0440\u0456\u0443\u043f\u043e\u043b\u044c<\/td><td>Mariupol<\/td><td>Mariupol\u02b9<\/td><td>Mariupol<\/td><td>&nbsp;<\/td><\/tr><tr><td>\u041c\u0435\u043b\u0456\u0442\u043e\u043f\u043e\u043b\u044c<\/td><td>Melitopol<\/td><td>Melitopol\u02b9<\/td><td>Melitopol<\/td><td>&nbsp;<\/td><\/tr><tr><td>\u041c\u0443\u043a\u0430\u0447\u0435\u0432\u043e<\/td><td>Mukatschewo<\/td><td>Muka\u010devo<\/td><td>Mukachevo<\/td><td>&nbsp;<\/td><\/tr><tr><td>\u041c\u0438\u043a\u043e\u043b\u0430\u0457\u0432<\/td><td>Mykolajiw<\/td><td>Mykola\u00efv<\/td><td>Mykolaiv<\/td><td>&nbsp;<\/td><\/tr><tr><td>\u041e\u0434\u0435\u0441\u0430<\/td><td>Odessa<\/td><td>Odesa<\/td><td>Odesa<\/td><td>Odessa<\/td><\/tr><tr><td>\u041e\u0441\u0442\u0440\u0456\u0432 \u0417\u043c\u0456\u0457\u043d\u0438\u0439<\/td><td>Ostriw Smijinyj<\/td><td>Ostriv Zmi\u00efnyj<\/td><td>Ostriv Zmiinyi<\/td><td>Schlangeninsel<\/td><\/tr><tr><td>\u041f\u0435\u0440\u0432\u043e\u043c\u0430\u0439\u0441\u044c\u043a<\/td><td>Perwomajsk<\/td><td>Pervomajs\u02b9k<\/td><td>Pervomaisk<\/td><td>&nbsp;<\/td><\/tr><tr><td>\u041f\u0456\u0432\u0434\u0435\u043d\u043d\u0438\u0439 \u0411\u0443\u0433<\/td><td>Piwdennyj Buh<\/td><td>Pivdennyj Buh<\/td><td>Pivdennyi Buh<\/td><td>S\u00fcdlicher Bug<\/td><\/tr><tr><td>\u041f\u043e\u0434\u0456\u043b\u043b\u044f<\/td><td>Podillja<\/td><td>Podillja<\/td><td>Podillia<\/td><td>Podolien<\/td><\/tr><tr><td>\u041f\u043e\u0434\u0456\u043b\u044c\u0441\u044c\u043a\u0430 \u0432\u0438\u0441\u043e\u0447\u0438\u043d\u0430<\/td><td>Podilska wyssotschyna<\/td><td>Podil\u02b9s\u02b9ka vyso\u010dyna<\/td><td>Podilska vysochyna<\/td><td>Podolische Platte<\/td><\/tr><tr><td>\u041f\u043e\u043b\u0442\u0430\u0432\u0430<\/td><td>Poltawa<\/td><td>Poltava<\/td><td>Poltava<\/td><td>&nbsp;<\/td><\/tr><tr><td>\u041f\u0440\u0443\u0442<\/td><td>Prut<\/td><td>Prut<\/td><td>Prut<\/td><td>Pruth<\/td><\/tr><tr><td>\u041f\u0440\u0438\u043f&#8217;\u044f\u0442\u044c<\/td><td>Prypjat<\/td><td>Pryp<a>\u02bc<\/a>jat\u02b9<\/td><td>Prypiat<\/td><td>Pripjet<\/td><\/tr><tr><td>\u041f\u0440\u0438\u043f&#8217;\u044f\u0442\u0441\u044c\u043a\u0456 \u0431\u043e\u043b\u043e\u0442\u0430<\/td><td>Prypjatski bolota<\/td><td>Pryp\u02bcjats\u02b9ki bolota<\/td><td>Pripiatski bolota<\/td><td>Pripjets\u00fcmpfe<\/td><\/tr><tr><td>\u0420\u0456\u0432\u043d\u0435<\/td><td>Riwne<\/td><td>Rivne<\/td><td>Rivne<\/td><td>&nbsp;<\/td><\/tr><tr><td>\u0417\u0430\u043a\u0430\u0440\u043f\u0430\u0442\u0442\u044f<\/td><td>Sakarpattja<\/td><td>Zakarpattja<\/td><td>Zakarpattia<\/td><td>Transkarpatien, Karpato-Ukraine<\/td><\/tr><tr><td>\u0417\u0430\u043f\u043e\u0440\u0456\u0436\u0436\u044f<\/td><td>Saporischschja<\/td><td>Zapori\u017e\u017eja<\/td><td>Zaporizhzhia<\/td><td>&nbsp;<\/td><\/tr><tr><td>\u0416\u0438\u0442\u043e\u043c\u0438\u0440<\/td><td>Schytomyr<\/td><td>\u017dytomyr<\/td><td>Zhytomyr<\/td><td>&nbsp;<\/td><\/tr><tr><td>\u0421\u0435\u0432\u0430\u0441\u0442\u043e\u043f\u043e\u043b\u044c<\/td><td>Sewastopol<\/td><td>Sevastopol\u02b9<\/td><td>Sevastopol<\/td><td>&nbsp;<\/td><\/tr><tr><td>\u0421\u0456\u043c\u0444\u0435\u0440\u043e\u043f\u043e\u043b\u044c<\/td><td>Simferopol<\/td><td>Simferopol\u02b9<\/td><td>Simferopol<\/td><td>&nbsp;<\/td><\/tr><tr><td>\u0421\u0443\u043c\u0438<\/td><td>Sumy<\/td><td>Sumy<\/td><td>Sumy<\/td><td>&nbsp;<\/td><\/tr><tr><td>\u0422\u0435\u0440\u043d\u043e\u043f\u0456\u043b\u044c<\/td><td>\u0422\u0435rn\u043e\u0440il<\/td><td>Ternopil\u02b9<\/td><td>Ternopil<\/td><td>&nbsp;<\/td><\/tr><tr><td>\u0427\u0435\u0440\u043a\u0430\u0441\u0438<\/td><td>Tscherkassy<\/td><td>\u010cerkasy<\/td><td>Cherkasy<\/td><td>&nbsp;<\/td><\/tr><tr><td>\u0427\u0435\u0440\u043d\u0456\u0433\u0456\u0432<\/td><td>Tschernihiw<\/td><td>\u010cernihiv<\/td><td>Chernihiv<\/td><td>&nbsp;<\/td><\/tr><tr><td>\u0427\u0435\u0440\u043d\u0456\u0432\u0446\u0456<\/td><td>Tscherniwzi<\/td><td>\u010cernivci<\/td><td>Chernivtsi<\/td><td>Czernowitz<\/td><\/tr><tr><td>\u0427\u043e\u0440\u043d\u043e\u0431\u0438\u043b\u044c<\/td><td>Tschornobyl<\/td><td>\u010cornobyl\u02b9<\/td><td>Chornobyl<\/td><td>Tschernobyl<\/td><\/tr><tr><td>\u0422\u0438\u0441\u0430<\/td><td>Tyssa<\/td><td>Tysa<\/td><td>Tysa<\/td><td>Thei\u00df<\/td><\/tr><tr><td>\u0423\u043a\u0440\u0430\u0457\u043d\u0430<\/td><td>Ukrajina<\/td><td>Ukra\u00efna<\/td><td>Ukraina<\/td><td>Ukraine<\/td><\/tr><tr><td>\u0423\u0436\u0433\u043e\u0440\u043e\u0434<\/td><td>Uschhorod<\/td><td>U\u017ehorod<\/td><td>Uzhhorod<\/td><td>&nbsp;<\/td><\/tr><tr><td>\u0412\u0456\u043d\u043d\u0438\u0446\u044f<\/td><td>Winnyzja<\/td><td>Vinnycja<\/td><td>Vinnytsia<\/td><td>&nbsp;<\/td><\/tr><tr><td>\u0412\u043e\u043b\u0438\u043d\u044c<\/td><td>Wolyn<\/td><td>Volyn\u02b9<\/td><td>Volyn<\/td><td>Wolhynien<\/td><\/tr><tr><td>&nbsp;<\/td><td>&nbsp;<\/td><td>&nbsp;<\/td><td>&nbsp;<\/td><td>&nbsp;<\/td><\/tr><tr><td>&nbsp;<\/td><td>&nbsp;<\/td><td>&nbsp;<\/td><td>&nbsp;<\/td><td>&nbsp;<\/td><\/tr><\/tbody><\/table><figcaption class=\"wp-element-caption\">Stand: M\u00e4rz 2024<\/figcaption><\/figure>\n","protected":false},"excerpt":{"rendered":"<p>Auswahl geografischer Namen der Ukraine in verschiedenen Umschriftsystemen Die Schreibung ukrainischer geografischer Namen ist in den letzten Monaten heftig diskutiert worden. Die Vielzahl der Schreibformen ukrainischer Ortsnamen hat f\u00fcr einige <span class=\"readmore\"><a href=\"https:\/\/ortsnamen.at\/en\/empfehlungen-zum-namengebrauch\/schreibung-ukrainischer-geografische-namen\/\">Read More &#8230;<\/a><\/span><\/p>\n","protected":false},"author":6,"featured_media":0,"parent":2708,"menu_order":80,"comment_status":"closed","ping_status":"closed","template":"","meta":{"footnotes":""},"class_list":["post-2690","page","type-page","status-publish","hentry"],"translation":{"provider":"WPGlobus","version":"3.0.2","language":"en","enabled_languages":["de","en"],"languages":{"de":{"title":true,"content":true,"excerpt":false},"en":{"title":false,"content":false,"excerpt":false}}},"_links":{"self":[{"href":"https:\/\/ortsnamen.at\/en\/wp-json\/wp\/v2\/pages\/2690","targetHints":{"allow":["GET"]}}],"collection":[{"href":"https:\/\/ortsnamen.at\/en\/wp-json\/wp\/v2\/pages"}],"about":[{"href":"https:\/\/ortsnamen.at\/en\/wp-json\/wp\/v2\/types\/page"}],"author":[{"embeddable":true,"href":"https:\/\/ortsnamen.at\/en\/wp-json\/wp\/v2\/users\/6"}],"replies":[{"embeddable":true,"href":"https:\/\/ortsnamen.at\/en\/wp-json\/wp\/v2\/comments?post=2690"}],"version-history":[{"count":8,"href":"https:\/\/ortsnamen.at\/en\/wp-json\/wp\/v2\/pages\/2690\/revisions"}],"predecessor-version":[{"id":2864,"href":"https:\/\/ortsnamen.at\/en\/wp-json\/wp\/v2\/pages\/2690\/revisions\/2864"}],"up":[{"embeddable":true,"href":"https:\/\/ortsnamen.at\/en\/wp-json\/wp\/v2\/pages\/2708"}],"wp:attachment":[{"href":"https:\/\/ortsnamen.at\/en\/wp-json\/wp\/v2\/media?parent=2690"}],"curies":[{"name":"wp","href":"https:\/\/api.w.org\/{rel}","templated":true}]}}