{"id":12,"date":"2017-12-13T12:08:10","date_gmt":"2017-12-13T12:08:10","guid":{"rendered":"http:\/\/ortsnamen.at\/?page_id=12"},"modified":"2025-04-02T14:03:51","modified_gmt":"2025-04-02T14:03:51","slug":"die-in-der-ako-vertretenen-institutionen","status":"publish","type":"page","link":"https:\/\/ortsnamen.at\/en\/die-ako\/die-in-der-ako-vertretenen-institutionen\/","title":{"rendered":"Die in der AKO vertretenen Mitglieder"},"content":{"rendered":"\n<p>Vorsitzender:<br>Mag. Dr. Roman Stani-Fertl<br><a href=\"mailto:roman.stani-fertl@univie.ac.at\" data-type=\"mailto\" data-id=\"mailto:roman.stani-fertl@univie.ac.at\" target=\"_blank\" rel=\"noreferrer noopener\">roman.stani-fertl@univie.ac.at<\/a><\/p>\n\n\n\n<p>Stellvertretende Vorsitzende:<br>Ass.-Prof. Mag. Dr. Marietta Calder\u00f3n<br><a href=\"mailto:marietta.calderon@plus.ac.at\" data-type=\"mailto\" data-id=\"mailto:marietta.calderon@plus.ac.at\" target=\"_blank\" rel=\"noreferrer noopener\">marietta.calderon@plus.ac.at<\/a><\/p>\n\n\n<p>Bund:<br \/><a href=\"http:\/\/www.bev.gv.at\/\" target=\"_blank\" rel=\"noopener noreferrer\">Bundesamt f\u00fcr Eich- und Vermessungswesen<\/a><br \/><a href=\"http:\/\/www.bundesheer.at\/organisation\/beitraege\/img\/index.shtml\" target=\"_blank\" rel=\"noopener noreferrer\">Bundesministerium f\u00fcr Landesverteidigung<\/a><br \/><a href=\"https:\/\/bml.gv.at\" target=\"_blank\" rel=\"noopener\">Bundesministerium f\u00fcr Land- und Forstwirtschaft, Regionen und Wasserwirtschaft<\/a><\/p>\n<p>L\u00e4nder:<br \/><a href=\"https:\/\/stifterhaus.at\/index.php?id=25\" target=\"_blank\" rel=\"noopener noreferrer\">Adalbert-Stifter-Institut des Landes Ober\u00f6sterreich<\/a><br \/><a href=\"https:\/\/vorarlberg.at\/-\/inneres-und-sicherheit-ia\" target=\"_blank\" rel=\"noopener noreferrer\">Amt der Vorarlberger Landesregierung, Abteilung f\u00fcr Inneres und Sicherheit<\/a><br \/><a href=\"https:\/\/www.burgenland.at\/themen\/wissenschaft\/landesarchiv\/\" target=\"_blank\" rel=\"noopener noreferrer\">Burgenl\u00e4ndische Nomenklaturkommission beim Burgenl\u00e4ndischen Landesarchiv <\/a><br \/><a href=\"http:\/\/www.noe.gv.at\/Bildung\/Landesarchiv-\/Landesarchiv.html\" target=\"_blank\" rel=\"noopener noreferrer\">Nieder\u00f6sterreichisches Landesarchiv<\/a><br \/><a href=\"http:\/\/www.salzburg.com\/wiki\/index.php\/Salzburger_Ortsnamenkommission\" target=\"_blank\" rel=\"noopener noreferrer\">Salzburger Ortsnamenkommission (SONK)<\/a><br \/><a href=\"http:\/\/www.wien.gv.at\/stadtentwicklung\/stadtvermessung\/index.html\" target=\"_blank\" rel=\"noopener noreferrer\">Stadtvermessung Wien (Magistratsabteilung 41)<\/a><br \/><a href=\"http:\/\/www.verwaltung.steiermark.at\/cms\/ziel\/74834934\/DE\" target=\"_blank\" rel=\"noopener noreferrer\">Steirische Ortsnamenkommission beim Steierm\u00e4rkischen Landesarchiv<\/a><br \/><a href=\"http:\/\/www.tirol.gv.at\/landesarchiv\/\" target=\"_blank\" rel=\"noopener noreferrer\">Tiroler Nomenklaturkommission am Tiroler Landesarchiv<\/a><br \/><a href=\"https:\/\/www.wien.gv.at\/kultur\/archiv\/\" target=\"_blank\" rel=\"noopener noreferrer\">Wiener Stadt- und Landesarchiv (Magistratsabteilung 8)<\/a><\/p>\n<p>Bildungs- und sonstige Einrichtungen:<\/p>\n<p><a href=\"https:\/\/home.provinz.bz.it\/de\/kontakte\/840\" target=\"_blank\" rel=\"noopener\">Amt f\u00fcr Landesplanung und Kartographie, Bozen<\/a><br \/><a href=\"https:\/\/geography.univie.ac.at\" target=\"_blank\" rel=\"noopener noreferrer\">Institut f\u00fcr Geographie und Regionalforschung der Universit\u00e4t Wien<\/a><a href=\"https:\/\/www.oeaw.ac.at\/acdh\/acdh-ch-home\" target=\"_blank\" rel=\"noopener noreferrer\"><br \/><\/a><a href=\"http:\/\/www.univie.ac.at\/germanistik\/\" target=\"_blank\" rel=\"noopener noreferrer\">Institut f\u00fcr Germanistik der Universit\u00e4t Wien<\/a><\/p>\n<p><a href=\"https:\/\/www.oeaw.ac.at\/acdh\/acdh-ch-home\" target=\"_blank\" rel=\"noopener noreferrer\">\u00d6sterreichische Akademie der Wissenschaften, Austrian Center for Digital Humanities<\/a><br \/><a href=\"http:\/\/www.oeaw.ac.at\/isr\" target=\"_blank\" rel=\"noopener noreferrer\">\u00d6sterreichische Akademie der Wissenschaften, Institut f\u00fcr Stadt- und Regionalforschung<\/a><br \/><a href=\"https:\/\/www.oebv.at\/unsere-reihen\/oesterreichisches-woerterbuch\" target=\"_blank\" rel=\"noopener\">\u00d6sterreichischer Bundesverlag (\u00d6BV) \u2013 \u00d6sterreichisches W\u00f6rterbuch (\u00d6WB)<\/a><\/p>\n<p>Privatkartographie und Vereine:<br \/><a href=\"http:\/\/www.alpenverein.at\/\" target=\"_blank\" rel=\"noopener noreferrer\">\u00d6sterreichischer Alpenverein<\/a><br \/><a href=\"https:\/\/vesnaverein.at\" target=\"_blank\" rel=\"noopener noreferrer\">Verein zur Erforschung von Sprache und Name in \u00d6sterreich (VESNA)<\/a><br \/><a href=\"http:\/\/www.hoelzel.at\/\" target=\"_blank\" rel=\"noopener noreferrer\">Ed. H\u00f6lzel Ges.m.b.H.Nfg KG<\/a><br \/><a href=\"http:\/\/www.freytagberndt.at\/\" target=\"_blank\" rel=\"noopener noreferrer\">Freytag-Berndt u. Artaria KG<\/a><\/p>\n<p>Au\u00dferdem sind individuelle Sachverst\u00e4ndige in den Feldern Toponomastik und Namenstandardisierung Mitglieder der AKO.<\/p>\n<p>Ehemals in der AKO vertreten:<br \/><a href=\"http:\/\/www.on-norm.at\/\" target=\"_blank\" rel=\"noopener noreferrer\">Austrian Standards\u00a0<\/a><\/p>\n<p><a href=\"http:\/\/www.provinz.bz.it\/sla\/\" target=\"_blank\" rel=\"noopener noreferrer\">S\u00fcdtiroler Landesarchiv<\/a><br \/><a href=\"https:\/\/www.statistik.at\">Statistik Austria<\/a><\/p>\n<p>\u00d6sterreichische Gesellschaft f\u00fcr Namenforschung<br \/>Verein f\u00fcr \u00d6sterreichische Flurnamenforschung<\/p>\n\n\n<p><\/p>\n","protected":false},"excerpt":{"rendered":"<p>Vorsitzender:Mag. Dr. Roman Stani-Fertlroman.stani-fertl@univie.ac.at Stellvertretende Vorsitzende:Ass.-Prof. Mag. Dr. Marietta Calder\u00f3nmarietta.calderon@plus.ac.at Bund:Bundesamt f\u00fcr Eich- und VermessungswesenBundesministerium f\u00fcr LandesverteidigungBundesministerium f\u00fcr Land- und Forstwirtschaft, Regionen und Wasserwirtschaft L\u00e4nder:Adalbert-Stifter-Institut des Landes Ober\u00f6sterreichAmt der Vorarlberger <span class=\"readmore\"><a href=\"https:\/\/ortsnamen.at\/en\/die-ako\/die-in-der-ako-vertretenen-institutionen\/\">Read More &#8230;<\/a><\/span><\/p>\n","protected":false},"author":1,"featured_media":0,"parent":4,"menu_order":40,"comment_status":"closed","ping_status":"closed","template":"","meta":{"footnotes":""},"class_list":["post-12","page","type-page","status-publish","hentry"],"translation":{"provider":"WPGlobus","version":"3.0.2","language":"en","enabled_languages":["de","en"],"languages":{"de":{"title":true,"content":true,"excerpt":false},"en":{"title":false,"content":false,"excerpt":false}}},"_links":{"self":[{"href":"https:\/\/ortsnamen.at\/en\/wp-json\/wp\/v2\/pages\/12","targetHints":{"allow":["GET"]}}],"collection":[{"href":"https:\/\/ortsnamen.at\/en\/wp-json\/wp\/v2\/pages"}],"about":[{"href":"https:\/\/ortsnamen.at\/en\/wp-json\/wp\/v2\/types\/page"}],"author":[{"embeddable":true,"href":"https:\/\/ortsnamen.at\/en\/wp-json\/wp\/v2\/users\/1"}],"replies":[{"embeddable":true,"href":"https:\/\/ortsnamen.at\/en\/wp-json\/wp\/v2\/comments?post=12"}],"version-history":[{"count":46,"href":"https:\/\/ortsnamen.at\/en\/wp-json\/wp\/v2\/pages\/12\/revisions"}],"predecessor-version":[{"id":2847,"href":"https:\/\/ortsnamen.at\/en\/wp-json\/wp\/v2\/pages\/12\/revisions\/2847"}],"up":[{"embeddable":true,"href":"https:\/\/ortsnamen.at\/en\/wp-json\/wp\/v2\/pages\/4"}],"wp:attachment":[{"href":"https:\/\/ortsnamen.at\/en\/wp-json\/wp\/v2\/media?parent=12"}],"curies":[{"name":"wp","href":"https:\/\/api.w.org\/{rel}","templated":true}]}}